{"id":7,"date":"2023-10-08T18:03:57","date_gmt":"2023-10-08T16:03:57","guid":{"rendered":"https:\/\/infinity2.polourbani.edu.it\/?page_id=7"},"modified":"2024-03-14T19:05:55","modified_gmt":"2024-03-14T18:05:55","slug":"progetto","status":"publish","type":"page","link":"https:\/\/infinity2.polourbani.edu.it\/index.php\/progetto\/","title":{"rendered":"Il progetto"},"content":{"rendered":"\n<div class=\"wp-block-group is-layout-constrained wp-block-group-is-layout-constrained\" style=\"font-style:normal;font-weight:300\">\n<p style=\"margin-top:1em\">\n<figure style=\"float:left;margin-top:.5em;padding-right:1em;padding-bottom:1em\"><img loading=\"lazy\" decoding=\"async\" width=\"800\" height=\"532\" class=\"wp-image-1293\" style=\"width:400px\" src=\"https:\/\/infinity2.polourbani.edu.it\/wp-content\/uploads\/2024\/03\/DSC_6002.jpg\" alt=\"\" srcset=\"https:\/\/infinity2.polourbani.edu.it\/wp-content\/uploads\/2024\/03\/DSC_6002.jpg 800w, https:\/\/infinity2.polourbani.edu.it\/wp-content\/uploads\/2024\/03\/DSC_6002-300x200.jpg 300w, https:\/\/infinity2.polourbani.edu.it\/wp-content\/uploads\/2024\/03\/DSC_6002-768x511.jpg 768w\" sizes=\"auto, (max-width: 800px) 100vw, 800px\" \/><figcaption style=\"color:#555;font-size:.8em;text-align:center\">Infinity1 &#8211; Una fase di gonfiaggio del pallone aerostatico<\/figcaption><\/figure>\n<strong><em>Infinity2<\/em><\/strong>&nbsp;\u00e8 una&nbsp;missione&nbsp;che vedr\u00e0 impegnati un gruppo di studenti del Liceo &#8220;E. Medi&#8221; di Montegiorgio e che ha come obiettivo il lancio di&nbsp;<strong>tre palloni areostatici<\/strong>&nbsp;nella terra del ghiaccio e del fuoco: l&#8217;<strong>Islanda<\/strong>. \u00c8 la continuazione di <a href=\"https:\/\/infinity1.vallorani.org\" data-type=\"link\" data-id=\"https:\/\/infinity1.vallorani.org\"><strong>Infinity1<\/strong><\/a>, un progetto realizzato nell&#8217;anno scolastico 2022\/2023 che ha previsto il lancio di un pallone aerostatico dalla localit\u00e0 di San Gemini (TR) con agganciata una sonda per la misurazione dei gas serra. Il pallone ha raggiunto un quota di 28.073 metri e ha compiuto con successo tutte le misurazioni previste.<\/p>\n\n\n\n<p>Infinity2 sar\u00e0 un progetto ancora pi\u00f9 ambizioso perch\u00e9 porter\u00e0 10 studenti e 3 docenti a vivere per 10 giorni, dal 3 al 12 aprile 2024, in terra islandese, un&#8217;esperienza indimenticabile di esplorazione e di ricerca.                                                                                                          Ai tre palloni aerostatici saranno agganciate altrettante sonde costruite dagli studenti che conterranno ognuna un diverso esperimento.<\/p>\n\n\n\n<p>\n<figure style=\"float:right;margin-top:.5em;padding-left:1em;padding-bottom:1em\"><img decoding=\"async\" class=\"wp-image-1293\" style=\"width:300px\" src=\"https:\/\/infinity2.polourbani.edu.it\/wp-content\/uploads\/2024\/03\/DSC_6194.jpg\" alt=\"\"><figcaption style=\"color:#555;font-size:.8em;text-align:center;width:300px\">04\/11\/2022 ore 12:48 &#8211; La sonda Infinity1 parte per la stratosfera<\/figcaption><\/figure>\nLo scopo della prima sonda (I2-Enrico Medi) sar\u00e0, come per Infinity1, quello di\u00a0<strong>misurare i gas serra presenti nell&#8217;atmosfera<\/strong> <strong>terrestre <\/strong>(fino a 30.000 metri circa),\u00a0registrando i livelli di ozono, anidride carbonica e NOX e di catturare immagini &#8220;mozzafiato&#8221; delle luci del nord: le\u00a0<strong>aurore boreali<\/strong>!                                                                                                                                    <\/p>\n\n\n\n<p>Nel secondo lancio si invier\u00e0 in stratosfera una sonda (I2-\u00ccsland) con agganciate due capsule contenenti <strong>alga spirulina<\/strong> (il cui nome scientifico \u00e8 <em>Arthrospira platensis<\/em>). L&#8217;obiettivo \u00e8 quello di misurare, tramite analisi del DNA eseguita prima e dopo il lancio, l&#8217;<strong>incidenza dei raggi UVB e UVC su tratti genomici della spirulina<\/strong><em>.<\/em><\/p>\n\n\n\n<p>Il terzo lancio prevede invece di far salire fino alla stratosfera una sonda (I2-Helianthus) con agganciate due capsule in vetro contenenti CO<sub>2<\/sub>. L&#8217;esperimento andr\u00e0 a verificare la possibilit\u00e0 di <strong>trasformare l&#8217;anidride carbonica in ossigeno<\/strong> in seguito all&#8217;urto delle particelle della stessa CO<sub>2<\/sub> accelerate dall&#8217;energia d&#8217;impatto proveniente dai raggi cosmici<em>.<\/em><\/p>\n\n\n\n<p class=\"has-lora-font-family has-small-font-size\" style=\"margin-top:var(--wp--preset--spacing--60)\"><em>Pagina a cura di <strong>Sofia Finucci<\/strong> e <strong>Alessandro Boccioni<\/strong><\/em><\/p>\n<\/div>\n","protected":false},"excerpt":{"rendered":"<p>Infinity1 &#8211; Una fase di gonfiaggio del pallone aerostatico Infinity2&nbsp;\u00e8 una&nbsp;missione&nbsp;che vedr\u00e0 impegnati un gruppo di studenti del Liceo &#8220;E. Medi&#8221; di Montegiorgio e che ha come obiettivo il lancio di&nbsp;tre palloni areostatici&nbsp;nella terra del ghiaccio e del fuoco: l&#8217;Islanda. \u00c8 la continuazione di Infinity1, un progetto realizzato nell&#8217;anno scolastico 2022\/2023 che ha previsto il [&hellip;]<\/p>\n","protected":false},"author":1,"featured_media":0,"parent":0,"menu_order":0,"comment_status":"closed","ping_status":"closed","template":"","meta":{"pgc_sgb_lightbox_settings":"","_themeisle_gutenberg_block_has_review":false,"footnotes":""},"class_list":["post-7","page","type-page","status-publish","hentry"],"_links":{"self":[{"href":"https:\/\/infinity2.polourbani.edu.it\/index.php\/wp-json\/wp\/v2\/pages\/7","targetHints":{"allow":["GET"]}}],"collection":[{"href":"https:\/\/infinity2.polourbani.edu.it\/index.php\/wp-json\/wp\/v2\/pages"}],"about":[{"href":"https:\/\/infinity2.polourbani.edu.it\/index.php\/wp-json\/wp\/v2\/types\/page"}],"author":[{"embeddable":true,"href":"https:\/\/infinity2.polourbani.edu.it\/index.php\/wp-json\/wp\/v2\/users\/1"}],"replies":[{"embeddable":true,"href":"https:\/\/infinity2.polourbani.edu.it\/index.php\/wp-json\/wp\/v2\/comments?post=7"}],"version-history":[{"count":46,"href":"https:\/\/infinity2.polourbani.edu.it\/index.php\/wp-json\/wp\/v2\/pages\/7\/revisions"}],"predecessor-version":[{"id":1354,"href":"https:\/\/infinity2.polourbani.edu.it\/index.php\/wp-json\/wp\/v2\/pages\/7\/revisions\/1354"}],"wp:attachment":[{"href":"https:\/\/infinity2.polourbani.edu.it\/index.php\/wp-json\/wp\/v2\/media?parent=7"}],"curies":[{"name":"wp","href":"https:\/\/api.w.org\/{rel}","templated":true}]}}