{"id":503,"date":"2024-02-20T16:17:25","date_gmt":"2024-02-20T15:17:25","guid":{"rendered":"https:\/\/infinity2.polourbani.edu.it\/?page_id=503"},"modified":"2024-03-14T19:14:24","modified_gmt":"2024-03-14T18:14:24","slug":"i2-helianthus","status":"publish","type":"page","link":"https:\/\/infinity2.polourbani.edu.it\/index.php\/i2-helianthus\/","title":{"rendered":"I2 HELIANTHUS"},"content":{"rendered":"\n<figure class=\"wp-block-image size-full\"><img loading=\"lazy\" decoding=\"async\" width=\"1280\" height=\"720\" src=\"https:\/\/infinity2.polourbani.edu.it\/wp-content\/uploads\/2024\/03\/i2-helianthum-video2.gif\" alt=\"\" class=\"wp-image-1071\"\/><\/figure>\n\n\n\n<p>In questo periodo di forti tensioni internazionali e di conflitti bellici in corso, sentiamo la necessit\u00e0 di &#8220;lanciare&#8221; un messaggio di <strong>pace e speranza per il futuro della nostra generazione<\/strong>. Per questo motivo abbiamo scelto un nome molto simbolico: <strong>helianthus<\/strong> che in latino significa <strong>girasole<\/strong>.<\/p>\n\n\n\n<p>L&#8217;etimologia del termine latino deriva a sua volta dal greco antico &#8220;\u1f21\u03bb\u03b9\u03ac\u03bd\u03b8\u03bf\u03c5\u03c2&#8221; (h\u0113lianthus), ovvero &#8220;fiore del sole&#8221;, per la sua caratteristicha di seguire il movimento del sole durante il giorno. Il girasole \u00e8 quindi da sempre considerato un simbolo di <strong>ottimismo, resilienza e forza interiore<\/strong> perch\u00e9 anche nei momenti di oscurit\u00e0 <strong>continua a cercare la luce<\/strong>.<\/p>\n\n\n\n<p>\u00c8 quello che dovr\u00e0 fare anche la nostra sonda, cercare di intercettare qualche raggio cosmico ad alta energia che impatti con le capsule contenenti CO<sub>2<\/sub>.<\/p>\n\n\n\n<h2 class=\"wp-block-heading\">La struttura della sonda<\/h2>\n\n\n\n<p>La sonda \u00e8 formata da 4 sezioni: corpo centrale o di controllo, corpi di reazione, attenuatore d\u2019urto e pallone aerostatico. La scatola centrale \u00e8 provvista di GPS e telecamera e funge da ancoraggio per il resto dei componenti.<\/p>\n\n\n\n<figure class=\"wp-block-image aligncenter size-large is-resized\"><img loading=\"lazy\" decoding=\"async\" width=\"768\" height=\"1024\" src=\"https:\/\/infinity2.polourbani.edu.it\/wp-content\/uploads\/2024\/02\/IMG_5720-768x1024.jpg\" alt=\"\" class=\"wp-image-509\" style=\"width:499px;height:auto\" srcset=\"https:\/\/infinity2.polourbani.edu.it\/wp-content\/uploads\/2024\/02\/IMG_5720-768x1024.jpg 768w, https:\/\/infinity2.polourbani.edu.it\/wp-content\/uploads\/2024\/02\/IMG_5720-225x300.jpg 225w, https:\/\/infinity2.polourbani.edu.it\/wp-content\/uploads\/2024\/02\/IMG_5720-1152x1536.jpg 1152w, https:\/\/infinity2.polourbani.edu.it\/wp-content\/uploads\/2024\/02\/IMG_5720-1536x2048.jpg 1536w, https:\/\/infinity2.polourbani.edu.it\/wp-content\/uploads\/2024\/02\/IMG_5720-scaled.jpg 1920w\" sizes=\"auto, (max-width: 768px) 100vw, 768px\" \/><\/figure>\n\n\n\n<p>I corpi di reazione ci sono stati forniti dalla Leonardo S.P.A e sono delle capsule di vetro contenenti unicamente molecole di CO<sub>2<\/sub> ed una lamina d&#8217;oro. Per quanto riguarda l\u2019attenuatore di urti, esso \u00e8 costituito da due lastre di polistirolo e supporti in TPU, entrambi materiali leggeri. Il polistirolo ha la peculiarit\u00e0 di dissipare efficientemente l\u2019energia cinetica accumulata se sottoposto a compressione.<\/p>\n\n\n\n<figure class=\"wp-block-image aligncenter size-large is-resized\"><img loading=\"lazy\" decoding=\"async\" width=\"768\" height=\"1024\" src=\"https:\/\/infinity2.polourbani.edu.it\/wp-content\/uploads\/2024\/02\/IMG_5721-768x1024.jpg\" alt=\"\" class=\"wp-image-510\" style=\"width:505px;height:auto\" srcset=\"https:\/\/infinity2.polourbani.edu.it\/wp-content\/uploads\/2024\/02\/IMG_5721-768x1024.jpg 768w, https:\/\/infinity2.polourbani.edu.it\/wp-content\/uploads\/2024\/02\/IMG_5721-225x300.jpg 225w, https:\/\/infinity2.polourbani.edu.it\/wp-content\/uploads\/2024\/02\/IMG_5721-1152x1536.jpg 1152w, https:\/\/infinity2.polourbani.edu.it\/wp-content\/uploads\/2024\/02\/IMG_5721-1536x2048.jpg 1536w, https:\/\/infinity2.polourbani.edu.it\/wp-content\/uploads\/2024\/02\/IMG_5721-scaled.jpg 1920w\" sizes=\"auto, (max-width: 768px) 100vw, 768px\" \/><\/figure>\n\n\n\n<p>In caso venisse sottoposto ad altri sforzi meccanici, l\u2019energia accumulata verr\u00e0 dissipata con la rottura dello stesso. Anche il TPU si presta per lo scopo precedentemente citato poich\u00e9 grazie alla sua flessibilit\u00e0, resiste egregiamente a sforzi di trazione e torsione. Infine tutti e due sono stati appositamente selezionati per l\u2019elevata capacit\u00e0 di assorbimento dell\u2019energia cinetica.<\/p>\n\n\n\n<figure class=\"wp-block-image aligncenter size-large is-resized\"><img loading=\"lazy\" decoding=\"async\" width=\"768\" height=\"1024\" src=\"https:\/\/infinity2.polourbani.edu.it\/wp-content\/uploads\/2024\/02\/IMG_5722-768x1024.jpg\" alt=\"\" class=\"wp-image-511\" style=\"width:484px;height:auto\" srcset=\"https:\/\/infinity2.polourbani.edu.it\/wp-content\/uploads\/2024\/02\/IMG_5722-768x1024.jpg 768w, https:\/\/infinity2.polourbani.edu.it\/wp-content\/uploads\/2024\/02\/IMG_5722-225x300.jpg 225w, https:\/\/infinity2.polourbani.edu.it\/wp-content\/uploads\/2024\/02\/IMG_5722-1152x1536.jpg 1152w, https:\/\/infinity2.polourbani.edu.it\/wp-content\/uploads\/2024\/02\/IMG_5722-1536x2048.jpg 1536w, https:\/\/infinity2.polourbani.edu.it\/wp-content\/uploads\/2024\/02\/IMG_5722-scaled.jpg 1920w\" sizes=\"auto, (max-width: 768px) 100vw, 768px\" \/><\/figure>\n\n\n\n<p><em><mark style=\"background-color:rgba(0, 0, 0, 0);color:#ae0808\" class=\"has-inline-color\">in corso di completamento &#8230;<\/mark><\/em><\/p>\n","protected":false},"excerpt":{"rendered":"<p>In questo periodo di forti tensioni internazionali e di conflitti bellici in corso, sentiamo la necessit\u00e0 di &#8220;lanciare&#8221; un messaggio di pace e speranza per il futuro della nostra generazione. Per questo motivo abbiamo scelto un nome molto simbolico: helianthus che in latino significa girasole. L&#8217;etimologia del termine latino deriva a sua volta dal greco [&hellip;]<\/p>\n","protected":false},"author":2,"featured_media":0,"parent":0,"menu_order":0,"comment_status":"closed","ping_status":"closed","template":"","meta":{"pgc_sgb_lightbox_settings":"","_themeisle_gutenberg_block_has_review":false,"footnotes":""},"class_list":["post-503","page","type-page","status-publish","hentry"],"_links":{"self":[{"href":"https:\/\/infinity2.polourbani.edu.it\/index.php\/wp-json\/wp\/v2\/pages\/503","targetHints":{"allow":["GET"]}}],"collection":[{"href":"https:\/\/infinity2.polourbani.edu.it\/index.php\/wp-json\/wp\/v2\/pages"}],"about":[{"href":"https:\/\/infinity2.polourbani.edu.it\/index.php\/wp-json\/wp\/v2\/types\/page"}],"author":[{"embeddable":true,"href":"https:\/\/infinity2.polourbani.edu.it\/index.php\/wp-json\/wp\/v2\/users\/2"}],"replies":[{"embeddable":true,"href":"https:\/\/infinity2.polourbani.edu.it\/index.php\/wp-json\/wp\/v2\/comments?post=503"}],"version-history":[{"count":16,"href":"https:\/\/infinity2.polourbani.edu.it\/index.php\/wp-json\/wp\/v2\/pages\/503\/revisions"}],"predecessor-version":[{"id":1361,"href":"https:\/\/infinity2.polourbani.edu.it\/index.php\/wp-json\/wp\/v2\/pages\/503\/revisions\/1361"}],"wp:attachment":[{"href":"https:\/\/infinity2.polourbani.edu.it\/index.php\/wp-json\/wp\/v2\/media?parent=503"}],"curies":[{"name":"wp","href":"https:\/\/api.w.org\/{rel}","templated":true}]}}